{"id":1078,"date":"2024-11-14T13:01:46","date_gmt":"2024-11-14T12:01:46","guid":{"rendered":"https:\/\/erasmus-hdh.de\/projekt2024\/?page_id=1078"},"modified":"2025-02-21T10:34:22","modified_gmt":"2025-02-21T09:34:22","slug":"erasmus-fr","status":"publish","type":"page","link":"https:\/\/erasmus-hdh.de\/projekt2024\/erasmus-fr\/","title":{"rendered":"Erasmus + (FR)"},"content":{"rendered":"\n<p>Tout d&#8217;abord, nous voulons remercier le programme Erasmus parce que nous voyageons gratuitement et qu&#8217;il nous offre une exp\u00e9rience sp\u00e9ciale. Nous pouvons voir les diff\u00e9rentes cultures dans le monde entier, en particulier en Allemagne et \u00e0 La R\u00e9union. On peut rencontrer de nouvelles personnes, se faire des amis et apprendre des mots de l&#8217;autre langue. C&#8217;est vraiment une bonne chose pour nous. Il est important de parler du programme Erasmus, car il s&#8217;occupe du financement du projet. Il nous donne la possibilit\u00e9 de d\u00e9couvrir de nouvelles choses sans avoir besoin d&#8217;argent. Mais la question est de savoir pourquoi nous pouvons voyager et la r\u00e9ponse est que nous pouvons voyager gr\u00e2ce aux progr\u00e8s des transports, aux accords internationaux comme l&#8217;espace Schengen, au d\u00e9veloppement des infrastructures, \u00e0 la croissance \u00e9conomique et aux outils num\u00e9riques qui simplifient la planification et la navigation. Ces facteurs rendent les voyages plus rapides, plus faciles et plus accessibles dans le monde entier. Nous avons aim\u00e9 notre projet parce qu&#8217;il \u00e9tait vraiment int\u00e9ressant pour nous. Nous devions cr\u00e9er un livre de cuisine sous la forme d&#8217;un site web et y ajouter de nombreux aliments issus de la culture des diff\u00e9rents pays. Pour nous, c&#8217;est la cuisine allemande et la cuisine cr\u00e9ole.<\/p>\n\n\n\n<p>Au cours du s\u00e9jour, nous avons eu l&#8217;opportunit\u00e9 de prendre part aux activit\u00e9s suivantes :<\/p>\n\n\n\n<ul class=\"wp-block-list\">\n<li><a href=\"https:\/\/erasmus-hdh.de\/projekt2024\/chateau-de-neuschwanstein\/\" data-type=\"post\" data-id=\"2212\">Ch\u00e2teau de Neuschwanstein<\/a><\/li>\n\n\n\n<li><a href=\"https:\/\/erasmus-hdh.de\/projekt2024\/highline-179\/\" data-type=\"post\" data-id=\"2211\">Highline 179<\/a><\/li>\n\n\n\n<li><a href=\"https:\/\/erasmus-hdh.de\/projekt2024\/mercedes-benz\/\" data-type=\"post\" data-id=\"2213\">Mercedes BENZ museum<\/a><\/li>\n\n\n\n<li><a href=\"https:\/\/erasmus-hdh.de\/projekt2024\/journee-cuisine\/\" data-type=\"post\" data-id=\"2218\">Journ\u00e9e Cuisine<\/a><\/li>\n\n\n\n<li><a href=\"https:\/\/erasmus-hdh.de\/projekt2024\/travail-allemagne\/\" data-type=\"post\" data-id=\"2217\">S\u00e9jour Allemagne<\/a><\/li>\n\n\n\n<li><a href=\"https:\/\/erasmus-hdh.de\/projekt2024\/impressions-des-participants-allemands\/\" data-type=\"post\" data-id=\"2474\">Impressions des participants allemands<\/a><\/li>\n<\/ul>\n\n\n\n<figure class=\"wp-block-gallery aligncenter has-nested-images columns-default is-cropped wp-block-gallery-1 is-layout-flex wp-block-gallery-is-layout-flex\">\n<figure class=\"wp-block-image size-full\"><img fetchpriority=\"high\" decoding=\"async\" width=\"1600\" height=\"1204\" data-id=\"2442\" src=\"https:\/\/erasmus-hdh.de\/projekt2024\/wp-content\/uploads\/2025\/02\/WhatsApp-Bild-2025-02-21-um-09.39.10_7b5bbc76.jpg\" alt=\"\" class=\"wp-image-2442\" srcset=\"https:\/\/erasmus-hdh.de\/projekt2024\/wp-content\/uploads\/2025\/02\/WhatsApp-Bild-2025-02-21-um-09.39.10_7b5bbc76.jpg 1600w, https:\/\/erasmus-hdh.de\/projekt2024\/wp-content\/uploads\/2025\/02\/WhatsApp-Bild-2025-02-21-um-09.39.10_7b5bbc76-300x226.jpg 300w, https:\/\/erasmus-hdh.de\/projekt2024\/wp-content\/uploads\/2025\/02\/WhatsApp-Bild-2025-02-21-um-09.39.10_7b5bbc76-1024x771.jpg 1024w, https:\/\/erasmus-hdh.de\/projekt2024\/wp-content\/uploads\/2025\/02\/WhatsApp-Bild-2025-02-21-um-09.39.10_7b5bbc76-768x578.jpg 768w, https:\/\/erasmus-hdh.de\/projekt2024\/wp-content\/uploads\/2025\/02\/WhatsApp-Bild-2025-02-21-um-09.39.10_7b5bbc76-1536x1156.jpg 1536w, https:\/\/erasmus-hdh.de\/projekt2024\/wp-content\/uploads\/2025\/02\/WhatsApp-Bild-2025-02-21-um-09.39.10_7b5bbc76-982x739.jpg 982w\" sizes=\"(max-width: 1600px) 100vw, 1600px\" \/><\/figure>\n<\/figure>\n","protected":false},"excerpt":{"rendered":"<p>Tout d&#8217;abord, nous voulons remercier le programme Erasmus parce que nous voyageons gratuitement et qu&#8217;il nous offre une exp\u00e9rience sp\u00e9ciale. Nous pouvons voir les diff\u00e9rentes cultures dans le monde entier, en particulier en Allemagne et \u00e0 La R\u00e9union. On peut rencontrer de nouvelles personnes, se faire des amis et apprendre des mots de l&#8217;autre langue.&hellip; <a href=\"https:\/\/erasmus-hdh.de\/projekt2024\/erasmus-fr\/\" class=\"more-link\">Continue reading <span class=\"screen-reader-text\">Erasmus + (FR)<\/span><\/a><\/p>\n","protected":false},"author":1,"featured_media":0,"parent":0,"menu_order":0,"comment_status":"closed","ping_status":"closed","template":"","meta":{"footnotes":""},"class_list":["post-1078","page","type-page","status-publish","hentry"],"_links":{"self":[{"href":"https:\/\/erasmus-hdh.de\/projekt2024\/wp-json\/wp\/v2\/pages\/1078","targetHints":{"allow":["GET"]}}],"collection":[{"href":"https:\/\/erasmus-hdh.de\/projekt2024\/wp-json\/wp\/v2\/pages"}],"about":[{"href":"https:\/\/erasmus-hdh.de\/projekt2024\/wp-json\/wp\/v2\/types\/page"}],"author":[{"embeddable":true,"href":"https:\/\/erasmus-hdh.de\/projekt2024\/wp-json\/wp\/v2\/users\/1"}],"replies":[{"embeddable":true,"href":"https:\/\/erasmus-hdh.de\/projekt2024\/wp-json\/wp\/v2\/comments?post=1078"}],"version-history":[{"count":6,"href":"https:\/\/erasmus-hdh.de\/projekt2024\/wp-json\/wp\/v2\/pages\/1078\/revisions"}],"predecessor-version":[{"id":2490,"href":"https:\/\/erasmus-hdh.de\/projekt2024\/wp-json\/wp\/v2\/pages\/1078\/revisions\/2490"}],"wp:attachment":[{"href":"https:\/\/erasmus-hdh.de\/projekt2024\/wp-json\/wp\/v2\/media?parent=1078"}],"curies":[{"name":"wp","href":"https:\/\/api.w.org\/{rel}","templated":true}]}}