{"id":1631,"date":"2025-01-20T09:59:51","date_gmt":"2025-01-20T09:59:51","guid":{"rendered":"http:\/\/cookbook.local\/?page_id=194"},"modified":"2025-01-20T09:59:51","modified_gmt":"2025-01-20T09:59:51","slug":"pourquoi-avons-nous-realise-ce-projet","status":"publish","type":"page","link":"https:\/\/erasmus-hdh.de\/projekt2024\/pourquoi-avons-nous-realise-ce-projet\/","title":{"rendered":"Pourquoi avons-nous r\u00e9alis\u00e9 ce projet ?"},"content":{"rendered":"\n<p>Les \u00e9tudiants ont particip\u00e9 \u00e0 ce projet dans le but d&#8217;\u00e9laborer le livre de recettes avec des plats cr\u00e9oles et allemands et de travailler ensemble. Cela a abouti \u00e0 de nouvelles exp\u00e9riences, de nouvelles connaissances et de nouvelles amiti\u00e9s. Bien s\u00fbr, il s&#8217;agit des tribunaux, mais la coop\u00e9ration et la communication \u00e9taient \u00e9galement nos principaux objectifs. Le projet offre aux \u00e9tudiants fran\u00e7ais et allemands une pr\u00e9cieuse opportunit\u00e9 de travailler dans un environnement \u00e9tranger.<br>Notre plus grand d\u00e9fi \u00e9tait probablement la communication. Bien s\u00fbr, nous voulions nous assurer que nous nous comprenions et qu\u2019il n\u2019y avait pas de malentendus. Cependant, cette exp\u00e9rience n\u2019a pas \u00e9t\u00e9 vraiment n\u00e9gative, mais plut\u00f4t amusante et au final, nous avons obtenu le r\u00e9sultat que nous souhaitions tous de toute fa\u00e7on.<br>Enfin, le projet Erasmus permet aux \u00e9tudiants de travailler en \u00e9quipe avec des personnes issues d&#8217;horizons diff\u00e9rents.<br>L&#8217;une des raisons de notre participation \u00e9tait l&#8217;exp\u00e9rience unique de conna\u00eetre une autre culture. Ce projet a donn\u00e9 aux \u00e9tudiants l&#8217;opportunit\u00e9 de d\u00e9couvrir la vie quotidienne d&#8217;une autre culture.<\/p>\n","protected":false},"excerpt":{"rendered":"<p>Les \u00e9tudiants ont particip\u00e9 \u00e0 ce projet dans le but d&#8217;\u00e9laborer le livre de recettes avec des plats cr\u00e9oles et allemands et de travailler ensemble. Cela a abouti \u00e0 de nouvelles exp\u00e9riences, de nouvelles connaissances et de nouvelles amiti\u00e9s. Bien s\u00fbr, il s&#8217;agit des tribunaux, mais la coop\u00e9ration et la communication \u00e9taient \u00e9galement nos principaux&hellip; <a href=\"https:\/\/erasmus-hdh.de\/projekt2024\/pourquoi-avons-nous-realise-ce-projet\/\" class=\"more-link\">Continue reading <span class=\"screen-reader-text\">Pourquoi avons-nous r\u00e9alis\u00e9 ce projet ?<\/span><\/a><\/p>\n","protected":false},"author":3,"featured_media":0,"parent":0,"menu_order":0,"comment_status":"closed","ping_status":"closed","template":"","meta":{"footnotes":""},"class_list":["post-1631","page","type-page","status-publish","hentry"],"_links":{"self":[{"href":"https:\/\/erasmus-hdh.de\/projekt2024\/wp-json\/wp\/v2\/pages\/1631","targetHints":{"allow":["GET"]}}],"collection":[{"href":"https:\/\/erasmus-hdh.de\/projekt2024\/wp-json\/wp\/v2\/pages"}],"about":[{"href":"https:\/\/erasmus-hdh.de\/projekt2024\/wp-json\/wp\/v2\/types\/page"}],"author":[{"embeddable":true,"href":"https:\/\/erasmus-hdh.de\/projekt2024\/wp-json\/wp\/v2\/users\/3"}],"replies":[{"embeddable":true,"href":"https:\/\/erasmus-hdh.de\/projekt2024\/wp-json\/wp\/v2\/comments?post=1631"}],"version-history":[{"count":0,"href":"https:\/\/erasmus-hdh.de\/projekt2024\/wp-json\/wp\/v2\/pages\/1631\/revisions"}],"wp:attachment":[{"href":"https:\/\/erasmus-hdh.de\/projekt2024\/wp-json\/wp\/v2\/media?parent=1631"}],"curies":[{"name":"wp","href":"https:\/\/api.w.org\/{rel}","templated":true}]}}