{"id":1932,"date":"2025-02-15T08:34:54","date_gmt":"2025-02-15T07:34:54","guid":{"rendered":"https:\/\/erasmus-hdh.de\/projekt2024\/?page_id=1932"},"modified":"2025-02-17T11:38:20","modified_gmt":"2025-02-17T10:38:20","slug":"homede","status":"publish","type":"page","link":"https:\/\/erasmus-hdh.de\/projekt2024\/homede\/","title":{"rendered":"Home(DE)"},"content":{"rendered":"\n<p><\/p>\n\n\n\n<p class=\"has-text-align-center has-medium-font-size\">Mit dieser Website m\u00f6chten wir Ihnen unsere kreolischen und deutschen Gerichte vorstellen, Ihnen Schritt f\u00fcr Schritt bei der Zubereitung helfen und Ihnen hoffentlich am Ende Ihrer Zubereitung eine k\u00f6stliche Mahlzeit erm\u00f6glichen. Die Studierenden haben viel M\u00fche in die Erstellung dieses Kochbuchs gesteckt, um Ihnen ein einfaches Kocherlebnis zu bieten.<\/p>\n\n\n\n<p class=\"has-text-align-center has-medium-font-size\">Die gesamte Arbeit wurde in gro\u00dfartiger Teamarbeit mit vielen Diskussionen und \u00dcberlegungen geleistet, was auch dazu beigetragen hat, internationale Beziehungen aufzubauen. Dies zeigt, dass zwei verschiedene Kulturen zusammenarbeiten und etwas Sch\u00f6nes und N\u00fctzliches schaffen k\u00f6nnen.<\/p>\n\n\n\n<h2 class=\"wp-block-heading has-text-align-center has-large-font-size\"><strong>Rezepte R\u00e9unionnaise<\/strong><\/h2>\n\n\n\n<div class=\"alignnormal\"><div id=\"metaslider-id-1754\" style=\"width: 100%;\" class=\"ml-slider-3-107-0 metaslider metaslider-flex metaslider-1754 ml-slider has-dots-nav ms-theme-outline\" role=\"region\" aria-label=\"Rezept r\u00e9unionnaise\" data-height=\"300\" data-width=\"700\">\n    <div id=\"metaslider_container_1754\">\n        <div id=\"metaslider_1754\">\n            <ul class='slides'>\n                <li style=\"display: block; width: 100%;\" class=\"slide-1759 ms-image \" aria-roledescription=\"slide\" data-date=\"2025-02-14 11:59:25\" data-filename=\"image_2025-02-11_145550828-700x300.png\" data-slide-type=\"image\"><a href=\"https:\/\/erasmus-hdh.de\/projekt2024\/pate-creole-de\/\" target=\"_self\" aria-label=\"View Slide Details\" class=\"metaslider_image_link\"><img fetchpriority=\"high\" decoding=\"async\" src=\"https:\/\/erasmus-hdh.de\/projekt2024\/wp-content\/uploads\/2025\/02\/image_2025-02-11_145550828-700x300.png\" height=\"300\" width=\"700\" alt=\"Pate Creole\" class=\"slider-1754 slide-1759 msDefaultImage\" title=\"P\u00e2t\u00e9 Cr\u00e9ole\" \/><\/a><div class=\"caption-wrap\"><div class=\"caption\">P\u00e2t\u00e9 Cr\u00e9ole<\/div><\/div><\/li>\n                <li style=\"display: none; width: 100%;\" class=\"slide-1762 ms-image \" aria-roledescription=\"slide\" data-date=\"2025-02-14 11:59:56\" data-filename=\"image_2025-02-11_144401108-700x300.png\" data-slide-type=\"image\"><a href=\"https:\/\/erasmus-hdh.de\/projekt2024\/boucane-bringelle-de\/\" target=\"_self\" aria-label=\"View Slide Details\" class=\"metaslider_image_link\"><img decoding=\"async\" src=\"https:\/\/erasmus-hdh.de\/projekt2024\/wp-content\/uploads\/2025\/02\/image_2025-02-11_144401108-700x300.png\" height=\"300\" width=\"700\" alt=\"Boucan\u00e9 Bringelle\" class=\"slider-1754 slide-1762 msDefaultImage\" title=\"Boucan\u00e9 Bringelle\" \/><\/a><div class=\"caption-wrap\"><div class=\"caption\">Boucan\u00e9 Bringelle<\/div><\/div><\/li>\n                <li style=\"display: none; width: 100%;\" class=\"slide-1804 ms-image \" aria-roledescription=\"slide\" data-date=\"2025-02-14 12:13:19\" data-filename=\"image-8-700x300.png\" data-slide-type=\"image\"><a href=\"https:\/\/erasmus-hdh.de\/projekt2024\/carry-espadon-de\/\" target=\"_self\" aria-label=\"View Slide Details\" class=\"metaslider_image_link\"><img decoding=\"async\" src=\"https:\/\/erasmus-hdh.de\/projekt2024\/wp-content\/uploads\/2024\/11\/image-8-700x300.png\" height=\"300\" width=\"700\" alt=\"Carry Espadon\" class=\"slider-1754 slide-1804 msDefaultImage\" title=\"Carry Espadon\" \/><\/a><div class=\"caption-wrap\"><div class=\"caption\">Carry Espadon<\/div><\/div><\/li>\n                <li style=\"display: none; width: 100%;\" class=\"slide-1863 ms-image \" aria-roledescription=\"slide\" data-date=\"2025-02-14 12:39:16\" data-filename=\"image_2025-02-11_145504086-700x300.png\" data-slide-type=\"image\"><a href=\"https:\/\/erasmus-hdh.de\/projekt2024\/cabri-massale-massale-ziege-de\/\" target=\"_self\" aria-label=\"View Slide Details\" class=\"metaslider_image_link\"><img loading=\"lazy\" decoding=\"async\" src=\"https:\/\/erasmus-hdh.de\/projekt2024\/wp-content\/uploads\/2025\/02\/image_2025-02-11_145504086-700x300.png\" height=\"300\" width=\"700\" alt=\"Cabris Massal\u00e9\" class=\"slider-1754 slide-1863 msDefaultImage\" title=\"Cabris Massal\u00e9\" \/><\/a><div class=\"caption-wrap\"><div class=\"caption\">Cabris Massal\u00e9<\/div><\/div><\/li>\n                <li style=\"display: none; width: 100%;\" class=\"slide-1865 ms-image \" aria-roledescription=\"slide\" data-date=\"2025-02-14 12:40:11\" data-filename=\"6309e268-1663-4eed-8a0e-0f943bb5de4b-1-700x300.webp\" data-slide-type=\"image\"><a href=\"https:\/\/erasmus-hdh.de\/projekt2024\/civet-canard-ente-in-pfeffersose-de\/\" target=\"_self\" aria-label=\"View Slide Details\" class=\"metaslider_image_link\"><img loading=\"lazy\" decoding=\"async\" src=\"https:\/\/erasmus-hdh.de\/projekt2024\/wp-content\/uploads\/2024\/11\/6309e268-1663-4eed-8a0e-0f943bb5de4b-1-700x300.webp\" height=\"300\" width=\"700\" alt=\"Civet Canard\" class=\"slider-1754 slide-1865 msDefaultImage\" title=\"Civet Canard\" \/><\/a><div class=\"caption-wrap\"><div class=\"caption\">Civet Canard<\/div><\/div><\/li>\n                <li style=\"display: none; width: 100%;\" class=\"slide-1869 ms-image \" aria-roledescription=\"slide\" data-date=\"2025-02-14 12:41:54\" data-filename=\"image_2025-02-11_144423410-700x300.png\" data-slide-type=\"image\"><a href=\"https:\/\/erasmus-hdh.de\/projekt2024\/rougail-saucisse-de\/\" target=\"_self\" aria-label=\"View Slide Details\" class=\"metaslider_image_link\"><img loading=\"lazy\" decoding=\"async\" src=\"https:\/\/erasmus-hdh.de\/projekt2024\/wp-content\/uploads\/2025\/02\/image_2025-02-11_144423410-700x300.png\" height=\"300\" width=\"700\" alt=\"Rougail Saucisse\" class=\"slider-1754 slide-1869 msDefaultImage\" title=\"Rougail Saucisse\" \/><\/a><div class=\"caption-wrap\"><div class=\"caption\">Rougail Saucisse<\/div><\/div><\/li>\n                <li style=\"display: none; width: 100%;\" class=\"slide-1871 ms-image \" aria-roledescription=\"slide\" data-date=\"2025-02-14 12:43:14\" data-filename=\"image_2025-02-11_145639747-700x300.png\" data-slide-type=\"image\"><a href=\"https:\/\/erasmus-hdh.de\/projekt2024\/civet-zourite-de\/\" target=\"_self\" aria-label=\"View Slide Details\" class=\"metaslider_image_link\"><img loading=\"lazy\" decoding=\"async\" src=\"https:\/\/erasmus-hdh.de\/projekt2024\/wp-content\/uploads\/2025\/02\/image_2025-02-11_145639747-700x300.png\" height=\"300\" width=\"700\" alt=\"Civet Zourite\" class=\"slider-1754 slide-1871 msDefaultImage\" title=\"Civet Zourite\" \/><\/a><div class=\"caption-wrap\"><div class=\"caption\">Civet Zourite <\/div><\/div><\/li>\n                <li style=\"display: none; width: 100%;\" class=\"slide-2170 ms-image \" aria-roledescription=\"slide\" data-date=\"2025-02-17 14:23:16\" data-filename=\"1731499625119-700x300.jpg\" data-slide-type=\"image\"><a href=\"https:\/\/erasmus-hdh.de\/projekt2024\/riz-cantonais-de\/\" target=\"_self\" aria-label=\"View Slide Details\" class=\"metaslider_image_link\"><img loading=\"lazy\" decoding=\"async\" src=\"https:\/\/erasmus-hdh.de\/projekt2024\/wp-content\/uploads\/2025\/02\/1731499625119-700x300.jpg\" height=\"300\" width=\"700\" alt=\"Image Riz cantonais Plat r\u00e9unionnais\" class=\"slider-1754 slide-2170 msDefaultImage\" title=\"Riz cantonais\" \/><\/a><div class=\"caption-wrap\"><div class=\"caption\">Riz cantonais<\/div><\/div><\/li>\n                <li style=\"display: none; width: 100%;\" class=\"slide-2171 ms-image \" aria-roledescription=\"slide\" data-date=\"2025-02-17 14:23:30\" data-filename=\"FB_IMG_1731500103327-2-700x300.jpg\" data-slide-type=\"image\"><a href=\"https:\/\/erasmus-hdh.de\/projekt2024\/carry-poulet-de\/\" target=\"_self\" aria-label=\"View Slide Details\" class=\"metaslider_image_link\"><img loading=\"lazy\" decoding=\"async\" src=\"https:\/\/erasmus-hdh.de\/projekt2024\/wp-content\/uploads\/2024\/11\/FB_IMG_1731500103327-2-700x300.jpg\" height=\"300\" width=\"700\" alt=\"Carry Poulet\" class=\"slider-1754 slide-2171 msDefaultImage\" title=\"Carry Poulet\" \/><\/a><div class=\"caption-wrap\"><div class=\"caption\">Carry Poulet<\/div><\/div><\/li>\n                <li style=\"display: none; width: 100%;\" class=\"slide-2172 ms-image \" aria-roledescription=\"slide\" data-date=\"2025-02-17 14:25:46\" data-filename=\"Capture-decran-2024-11-13-160242-700x300.png\" data-slide-type=\"image\"><a href=\"https:\/\/erasmus-hdh.de\/projekt2024\/wurstchen-mit-blattgemuse-de\/\" target=\"_self\" aria-label=\"View Slide Details\" class=\"metaslider_image_link\"><img loading=\"lazy\" decoding=\"async\" src=\"https:\/\/erasmus-hdh.de\/projekt2024\/wp-content\/uploads\/2024\/11\/Capture-decran-2024-11-13-160242-700x300.png\" height=\"300\" width=\"700\" alt=\"Saucisse br\u00e8de\" class=\"slider-1754 slide-2172 msDefaultImage\" title=\"Saucisse br\u00e8de\" \/><\/a><div class=\"caption-wrap\"><div class=\"caption\">Saucisse br\u00e8de<\/div><\/div><\/li>\n            <\/ul>\n        <\/div>\n        \n    <\/div>\n<\/div><\/div>\n\n\n\n<h2 class=\"wp-block-heading has-text-align-center has-large-font-size\"><strong>Deutsche Rezepte<\/strong><\/h2>\n\n\n\n<div class=\"alignnormal\"><div id=\"metaslider-id-1825\" style=\"width: 100%;\" class=\"ml-slider-3-107-0 metaslider metaslider-flex metaslider-1825 ml-slider has-dots-nav ms-theme-outline\" role=\"region\" aria-label=\"Deutsches Rezept\" data-height=\"300\" data-width=\"700\">\n    <div id=\"metaslider_container_1825\">\n        <div id=\"metaslider_1825\">\n            <ul class='slides'>\n                <li style=\"display: block; width: 100%;\" class=\"slide-1918 ms-image \" aria-roledescription=\"slide\" data-date=\"2025-02-15 08:19:33\" data-filename=\"image-20-700x300.png\" data-slide-type=\"image\"><a href=\"https:\/\/erasmus-hdh.de\/projekt2024\/linsen-mit-spatzle-de\/\" target=\"_self\" aria-label=\"View Slide Details\" class=\"metaslider_image_link\"><img loading=\"lazy\" decoding=\"async\" src=\"https:\/\/erasmus-hdh.de\/projekt2024\/wp-content\/uploads\/2025\/02\/image-20-700x300.png\" height=\"300\" width=\"700\" alt=\"Linsen mit spatzle\" class=\"slider-1825 slide-1918 msDefaultImage\" title=\"Linsen mit spatzle\" \/><\/a><div class=\"caption-wrap\"><div class=\"caption\">Linsen mit spatzle <\/div><\/div><\/li>\n                <li style=\"display: none; width: 100%;\" class=\"slide-1919 ms-image \" aria-roledescription=\"slide\" data-date=\"2025-02-15 08:19:55\" data-filename=\"20250218_185030_054-scaled-700x300.jpg\" data-slide-type=\"image\"><a href=\"https:\/\/erasmus-hdh.de\/projekt2024\/schupfnudeln-mit-sauerkraut\/\" target=\"_self\" aria-label=\"View Slide Details\" class=\"metaslider_image_link\"><img loading=\"lazy\" decoding=\"async\" src=\"https:\/\/erasmus-hdh.de\/projekt2024\/wp-content\/uploads\/2025\/02\/20250218_185030_054-scaled-700x300.jpg\" height=\"300\" width=\"700\" alt=\"Schupfnudeln mit Sauerkraut\" class=\"slider-1825 slide-1919 msDefaultImage\" title=\"Schupfnudeln mit Sauerkraut\" \/><\/a><div class=\"caption-wrap\"><div class=\"caption\">Schupfnudeln mit Sauerkraut<\/div><\/div><\/li>\n                <li style=\"display: none; width: 100%;\" class=\"slide-1920 ms-image \" aria-roledescription=\"slide\" data-date=\"2025-02-15 08:20:14\" data-filename=\"DALL\u00b7E-2025-02-11-10.42.46-A-freshly-baked-Zwetschgenkuchen-_German-plum-cake_-on-a-wooden-table-700x300.jpg\" data-slide-type=\"image\"><a href=\"https:\/\/erasmus-hdh.de\/projekt2024\/zwetschgenkuchen-de\/\" target=\"_self\" aria-label=\"View Slide Details\" class=\"metaslider_image_link\"><img loading=\"lazy\" decoding=\"async\" src=\"https:\/\/erasmus-hdh.de\/projekt2024\/wp-content\/uploads\/2025\/02\/DALL\u00b7E-2025-02-11-10.42.46-A-freshly-baked-Zwetschgenkuchen-_German-plum-cake_-on-a-wooden-table-700x300.jpg\" height=\"300\" width=\"700\" alt=\"Zwetschgenkuchen\" class=\"slider-1825 slide-1920 msDefaultImage\" title=\"Zwetschgenkuchen\" \/><\/a><div class=\"caption-wrap\"><div class=\"caption\">Zwetschgenkuchen<\/div><\/div><\/li>\n                <li style=\"display: none; width: 100%;\" class=\"slide-1921 ms-image \" aria-roledescription=\"slide\" data-date=\"2025-02-15 08:20:33\" data-filename=\"WhatsApp-Bild-2025-02-11-um-10.16.31_cde4cd09-700x300.jpg\" data-slide-type=\"image\"><a href=\"https:\/\/erasmus-hdh.de\/projekt2024\/briegelschmiere-de\/\" target=\"_self\" aria-label=\"View Slide Details\" class=\"metaslider_image_link\"><img loading=\"lazy\" decoding=\"async\" src=\"https:\/\/erasmus-hdh.de\/projekt2024\/wp-content\/uploads\/2025\/02\/WhatsApp-Bild-2025-02-11-um-10.16.31_cde4cd09-700x300.jpg\" height=\"300\" width=\"700\" alt=\"Briegelschmiere\" class=\"slider-1825 slide-1921 msDefaultImage\" title=\"Briegelschmiere\" \/><\/a><div class=\"caption-wrap\"><div class=\"caption\">Briegelschmiere <\/div><\/div><\/li>\n                <li style=\"display: none; width: 100%;\" class=\"slide-1924 ms-image \" aria-roledescription=\"slide\" data-date=\"2025-02-15 08:21:31\" data-filename=\"image-8-700x300.png\" data-slide-type=\"image\"><a href=\"https:\/\/erasmus-hdh.de\/projekt2024\/schwaebischer-kartoffelsalat-de\/\" target=\"_self\" aria-label=\"View Slide Details\" class=\"metaslider_image_link\"><img loading=\"lazy\" decoding=\"async\" src=\"https:\/\/erasmus-hdh.de\/projekt2024\/wp-content\/uploads\/2025\/02\/image-8-700x300.png\" height=\"300\" width=\"700\" alt=\"Schw\u00e4bischer Kartoffelsalat\" class=\"slider-1825 slide-1924 msDefaultImage\" title=\"Schw\u00e4bischer Kartoffelsalat\" \/><\/a><div class=\"caption-wrap\"><div class=\"caption\">Schw\u00e4bischer Kartoffelsalat<\/div><\/div><\/li>\n                <li style=\"display: none; width: 100%;\" class=\"slide-1925 ms-image \" aria-roledescription=\"slide\" data-date=\"2025-02-15 08:21:51\" data-filename=\"image-3-700x300.png\" data-slide-type=\"image\"><a href=\"https:\/\/erasmus-hdh.de\/projekt2024\/ulmer-kloesse-de\/\" target=\"_self\" aria-label=\"View Slide Details\" class=\"metaslider_image_link\"><img loading=\"lazy\" decoding=\"async\" src=\"https:\/\/erasmus-hdh.de\/projekt2024\/wp-content\/uploads\/2025\/02\/image-3-700x300.png\" height=\"300\" width=\"700\" alt=\"Ulmer Kl\u00f6sse\" class=\"slider-1825 slide-1925 msDefaultImage\" title=\"Ulmer Kl\u00f6sse\" \/><\/a><div class=\"caption-wrap\"><div class=\"caption\">Ulmer Kl\u00f6sse<\/div><\/div><\/li>\n                <li style=\"display: none; width: 100%;\" class=\"slide-1927 ms-image \" aria-roledescription=\"slide\" data-date=\"2025-02-15 08:22:33\" data-filename=\"IMG_7547-scaled-700x300.jpeg\" data-slide-type=\"image\"><a href=\"https:\/\/erasmus-hdh.de\/projekt2024\/kaesspaetzlede\/\" target=\"_self\" aria-label=\"View Slide Details\" class=\"metaslider_image_link\"><img loading=\"lazy\" decoding=\"async\" src=\"https:\/\/erasmus-hdh.de\/projekt2024\/wp-content\/uploads\/2025\/02\/IMG_7547-scaled-700x300.jpeg\" height=\"300\" width=\"700\" alt=\"K\u00e4ssp\u00e4tzle\" class=\"slider-1825 slide-1927 msDefaultImage\" title=\"K\u00e4ssp\u00e4tzle\" \/><\/a><div class=\"caption-wrap\"><div class=\"caption\">K\u00e4ssp\u00e4tzle<\/div><\/div><\/li>\n                <li style=\"display: none; width: 100%;\" class=\"slide-2184 ms-image \" aria-roledescription=\"slide\" data-date=\"2025-02-17 14:38:01\" data-filename=\"WhatsApp-Bild-2025-02-17-um-19.41.29_64a8ac16-4-700x300.jpg\" data-slide-type=\"image\"><a href=\"https:\/\/erasmus-hdh.de\/projekt2024\/flaedlessuppe-de\/\" target=\"_self\" aria-label=\"View Slide Details\" class=\"metaslider_image_link\"><img loading=\"lazy\" decoding=\"async\" src=\"https:\/\/erasmus-hdh.de\/projekt2024\/wp-content\/uploads\/2025\/02\/WhatsApp-Bild-2025-02-17-um-19.41.29_64a8ac16-4-700x300.jpg\" height=\"300\" width=\"700\" alt=\"Fl\u00e4ddlesuppe\" class=\"slider-1825 slide-2184 msDefaultImage\" title=\"Fl\u00e4ddlesuppe\" \/><\/a><div class=\"caption-wrap\"><div class=\"caption\">Fl\u00e4ddlesuppe<\/div><\/div><\/li>\n                <li style=\"display: none; width: 100%;\" class=\"slide-2185 ms-image \" aria-roledescription=\"slide\" data-date=\"2025-02-17 14:38:15\" data-filename=\"415f2bfe-e19d-4254-9954-0b6d720e3c39-2-700x300.webp\" data-slide-type=\"image\"><a href=\"https:\/\/erasmus-hdh.de\/projekt2024\/zwiebelrostbraten-de\/\" target=\"_self\" aria-label=\"View Slide Details\" class=\"metaslider_image_link\"><img loading=\"lazy\" decoding=\"async\" src=\"https:\/\/erasmus-hdh.de\/projekt2024\/wp-content\/uploads\/2025\/02\/415f2bfe-e19d-4254-9954-0b6d720e3c39-2-700x300.webp\" height=\"300\" width=\"700\" alt=\"Zwiebelrostbraten\" class=\"slider-1825 slide-2185 msDefaultImage\" title=\"Zwiebelrostbraten\" \/><\/a><div class=\"caption-wrap\"><div class=\"caption\">Zwiebelrostbraten <\/div><\/div><\/li>\n                <li style=\"display: none; width: 100%;\" class=\"slide-2186 ms-image \" aria-roledescription=\"slide\" data-date=\"2025-02-17 14:39:25\" data-filename=\"image-12-700x300.png\" data-slide-type=\"image\"><a href=\"https:\/\/erasmus-hdh.de\/projekt2024\/gaisburger-marsch-de\/\" target=\"_self\" aria-label=\"View Slide Details\" class=\"metaslider_image_link\"><img loading=\"lazy\" decoding=\"async\" src=\"https:\/\/erasmus-hdh.de\/projekt2024\/wp-content\/uploads\/2025\/02\/image-12-700x300.png\" height=\"300\" width=\"700\" alt=\"Gaisburger Marsch\" class=\"slider-1825 slide-2186 msDefaultImage\" title=\"Gaisburger Marsch\" \/><\/a><div class=\"caption-wrap\"><div class=\"caption\">Gaisburger Marsch<\/div><\/div><\/li>\n            <\/ul>\n        <\/div>\n        \n    <\/div>\n<\/div><\/div>\n","protected":false},"excerpt":{"rendered":"<p>Mit dieser Website m\u00f6chten wir Ihnen unsere kreolischen und deutschen Gerichte vorstellen, Ihnen Schritt f\u00fcr Schritt bei der Zubereitung helfen und Ihnen hoffentlich am Ende Ihrer Zubereitung eine k\u00f6stliche Mahlzeit erm\u00f6glichen. Die Studierenden haben viel M\u00fche in die Erstellung dieses Kochbuchs gesteckt, um Ihnen ein einfaches Kocherlebnis zu bieten. Die gesamte Arbeit wurde in gro\u00dfartiger&hellip; <a href=\"https:\/\/erasmus-hdh.de\/projekt2024\/homede\/\" class=\"more-link\">Continue reading <span class=\"screen-reader-text\">Home(DE)<\/span><\/a><\/p>\n","protected":false},"author":1,"featured_media":0,"parent":0,"menu_order":0,"comment_status":"closed","ping_status":"closed","template":"","meta":{"footnotes":""},"class_list":["post-1932","page","type-page","status-publish","hentry"],"_links":{"self":[{"href":"https:\/\/erasmus-hdh.de\/projekt2024\/wp-json\/wp\/v2\/pages\/1932","targetHints":{"allow":["GET"]}}],"collection":[{"href":"https:\/\/erasmus-hdh.de\/projekt2024\/wp-json\/wp\/v2\/pages"}],"about":[{"href":"https:\/\/erasmus-hdh.de\/projekt2024\/wp-json\/wp\/v2\/types\/page"}],"author":[{"embeddable":true,"href":"https:\/\/erasmus-hdh.de\/projekt2024\/wp-json\/wp\/v2\/users\/1"}],"replies":[{"embeddable":true,"href":"https:\/\/erasmus-hdh.de\/projekt2024\/wp-json\/wp\/v2\/comments?post=1932"}],"version-history":[{"count":7,"href":"https:\/\/erasmus-hdh.de\/projekt2024\/wp-json\/wp\/v2\/pages\/1932\/revisions"}],"predecessor-version":[{"id":2012,"href":"https:\/\/erasmus-hdh.de\/projekt2024\/wp-json\/wp\/v2\/pages\/1932\/revisions\/2012"}],"wp:attachment":[{"href":"https:\/\/erasmus-hdh.de\/projekt2024\/wp-json\/wp\/v2\/media?parent=1932"}],"curies":[{"name":"wp","href":"https:\/\/api.w.org\/{rel}","templated":true}]}}