{"id":1938,"date":"2025-02-15T08:37:52","date_gmt":"2025-02-15T07:37:52","guid":{"rendered":"https:\/\/erasmus-hdh.de\/projekt2024\/?page_id=1938"},"modified":"2025-02-15T08:37:52","modified_gmt":"2025-02-15T07:37:52","slug":"homeen","status":"publish","type":"page","link":"https:\/\/erasmus-hdh.de\/projekt2024\/homeen\/","title":{"rendered":"Home(EN)"},"content":{"rendered":"\n<p class=\"has-text-align-center\"><strong>With this website we aim to provide you with our Creole and German dishes, help you make them step by step and hopefully have a delicious meal at the end of your preparation. The students put much effort into making this cookbook to give you an easy cooking experience.All the work was done in a great teamwork, with a lot of discussion and thinking, which also lead to the project helping to build international relationships. It shows that two different cultures can work together and create something good looking and helpful.<\/strong><\/p>\n\n\n\n<h2 class=\"wp-block-heading has-text-align-center\"><strong>Reunionese recipe<\/strong><\/h2>\n\n\n\n<div class=\"alignnormal\"><div id=\"metaslider-id-1746\" style=\"width: 100%; margin: 0 auto;\" class=\"ml-slider-3-107-0 metaslider metaslider-flex metaslider-1746 ml-slider has-dots-nav ms-theme-outline\" role=\"region\" aria-label=\"Reunionese Recipe\" data-height=\"300\" data-width=\"700\">\n    <div id=\"metaslider_container_1746\">\n        <div id=\"metaslider_1746\">\n            <ul class='slides'>\n                <li style=\"display: block; width: 100%;\" class=\"slide-1780 ms-image \" aria-roledescription=\"slide\" data-date=\"2025-02-14 12:04:27\" data-filename=\"image_2025-02-11_145550828-700x300.png\" data-slide-type=\"image\"><a href=\"https:\/\/erasmus-hdh.de\/projekt2024\/pate-creole-eng\/\" target=\"_self\" aria-label=\"View Slide Details\" class=\"metaslider_image_link\"><img fetchpriority=\"high\" decoding=\"async\" src=\"https:\/\/erasmus-hdh.de\/projekt2024\/wp-content\/uploads\/2025\/02\/image_2025-02-11_145550828-700x300.png\" height=\"300\" width=\"700\" alt=\"Pate Creole\" class=\"slider-1746 slide-1780 msDefaultImage\" title=\"P\u00e2t\u00e9 Cr\u00e9ole\" \/><\/a><div class=\"caption-wrap\"><div class=\"caption\">P\u00e2t\u00e9 Cr\u00e9ole<\/div><\/div><\/li>\n                <li style=\"display: none; width: 100%;\" class=\"slide-1799 ms-image \" aria-roledescription=\"slide\" data-date=\"2025-02-14 12:11:19\" data-filename=\"image_2025-02-11_145639747-700x300.png\" data-slide-type=\"image\"><a href=\"https:\/\/erasmus-hdh.de\/projekt2024\/civet-zouritte-en\/\" target=\"_self\" aria-label=\"View Slide Details\" class=\"metaslider_image_link\"><img decoding=\"async\" src=\"https:\/\/erasmus-hdh.de\/projekt2024\/wp-content\/uploads\/2025\/02\/image_2025-02-11_145639747-700x300.png\" height=\"300\" width=\"700\" alt=\"Civet Zourite\" class=\"slider-1746 slide-1799 msDefaultImage\" title=\"Civet Zourite\" \/><\/a><div class=\"caption-wrap\"><div class=\"caption\">Civet Zourite <\/div><\/div><\/li>\n                <li style=\"display: none; width: 100%;\" class=\"slide-1805 ms-image \" aria-roledescription=\"slide\" data-date=\"2025-02-14 12:13:34\" data-filename=\"image_2025-02-11_144423410-700x300.png\" data-slide-type=\"image\"><a href=\"https:\/\/erasmus-hdh.de\/projekt2024\/rougail-saucisse-eng\/\" target=\"_self\" aria-label=\"View Slide Details\" class=\"metaslider_image_link\"><img decoding=\"async\" src=\"https:\/\/erasmus-hdh.de\/projekt2024\/wp-content\/uploads\/2025\/02\/image_2025-02-11_144423410-700x300.png\" height=\"300\" width=\"700\" alt=\"Rougail Saucisse\" class=\"slider-1746 slide-1805 msDefaultImage\" title=\"Rougail Saucisse\" \/><\/a><div class=\"caption-wrap\"><div class=\"caption\">Rougail Saucisse<\/div><\/div><\/li>\n                <li style=\"display: none; width: 100%;\" class=\"slide-1808 ms-image \" aria-roledescription=\"slide\" data-date=\"2025-02-14 12:14:35\" data-filename=\"image_2025-02-11_144401108-700x300.png\" data-slide-type=\"image\"><a href=\"https:\/\/erasmus-hdh.de\/projekt2024\/boucane-bringelle-en\/\" target=\"_self\" aria-label=\"View Slide Details\" class=\"metaslider_image_link\"><img loading=\"lazy\" decoding=\"async\" src=\"https:\/\/erasmus-hdh.de\/projekt2024\/wp-content\/uploads\/2025\/02\/image_2025-02-11_144401108-700x300.png\" height=\"300\" width=\"700\" alt=\"Boucan\u00e9 Bringelle\" class=\"slider-1746 slide-1808 msDefaultImage\" title=\"Boucan\u00e9 Bringelle\" \/><\/a><div class=\"caption-wrap\"><div class=\"caption\">Boucan\u00e9 Bringelle<\/div><\/div><\/li>\n                <li style=\"display: none; width: 100%;\" class=\"slide-1826 ms-image \" aria-roledescription=\"slide\" data-date=\"2025-02-14 12:24:32\" data-filename=\"image_2025-02-11_145504086-700x300.png\" data-slide-type=\"image\"><a href=\"https:\/\/erasmus-hdh.de\/projekt2024\/goat-massale-recipe-en\/\" target=\"_self\" aria-label=\"View Slide Details\" class=\"metaslider_image_link\"><img loading=\"lazy\" decoding=\"async\" src=\"https:\/\/erasmus-hdh.de\/projekt2024\/wp-content\/uploads\/2025\/02\/image_2025-02-11_145504086-700x300.png\" height=\"300\" width=\"700\" alt=\"Cabris Massal\u00e9\" class=\"slider-1746 slide-1826 msDefaultImage\" title=\"Cabris Massal\u00e9\" \/><\/a><div class=\"caption-wrap\"><div class=\"caption\">Cabris Massal\u00e9<\/div><\/div><\/li>\n                <li style=\"display: none; width: 100%;\" class=\"slide-1829 ms-image \" aria-roledescription=\"slide\" data-date=\"2025-02-14 12:27:08\" data-filename=\"image-8-700x300.png\" data-slide-type=\"image\"><a href=\"https:\/\/erasmus-hdh.de\/projekt2024\/carry-espadon-eng\/\" target=\"_self\" aria-label=\"View Slide Details\" class=\"metaslider_image_link\"><img loading=\"lazy\" decoding=\"async\" src=\"https:\/\/erasmus-hdh.de\/projekt2024\/wp-content\/uploads\/2024\/11\/image-8-700x300.png\" height=\"300\" width=\"700\" alt=\"Carry Espadon\" class=\"slider-1746 slide-1829 msDefaultImage\" title=\"Carry Espadon\" \/><\/a><div class=\"caption-wrap\"><div class=\"caption\">Carry Espadon<\/div><\/div><\/li>\n                <li style=\"display: none; width: 100%;\" class=\"slide-1831 ms-image \" aria-roledescription=\"slide\" data-date=\"2025-02-14 12:28:07\" data-filename=\"6309e268-1663-4eed-8a0e-0f943bb5de4b-1-700x300.webp\" data-slide-type=\"image\"><a href=\"https:\/\/erasmus-hdh.de\/projekt2024\/civet-canard-duck-stew-eng\/\" target=\"_self\" aria-label=\"View Slide Details\" class=\"metaslider_image_link\"><img loading=\"lazy\" decoding=\"async\" src=\"https:\/\/erasmus-hdh.de\/projekt2024\/wp-content\/uploads\/2024\/11\/6309e268-1663-4eed-8a0e-0f943bb5de4b-1-700x300.webp\" height=\"300\" width=\"700\" alt=\"Civet Canard\" class=\"slider-1746 slide-1831 msDefaultImage\" title=\"Civet Canard\" \/><\/a><div class=\"caption-wrap\"><div class=\"caption\">Civet Canard<\/div><\/div><\/li>\n                <li style=\"display: none; width: 100%;\" class=\"slide-2167 ms-image \" aria-roledescription=\"slide\" data-date=\"2025-02-17 14:20:57\" data-filename=\"FB_IMG_1731500103327-2-700x300.jpg\" data-slide-type=\"image\"><a href=\"https:\/\/erasmus-hdh.de\/projekt2024\/carry-poulet-en\/\" target=\"_self\" aria-label=\"View Slide Details\" class=\"metaslider_image_link\"><img loading=\"lazy\" decoding=\"async\" src=\"https:\/\/erasmus-hdh.de\/projekt2024\/wp-content\/uploads\/2024\/11\/FB_IMG_1731500103327-2-700x300.jpg\" height=\"300\" width=\"700\" alt=\"Carry Poulet\" class=\"slider-1746 slide-2167 msDefaultImage\" title=\"Carry Poulet\" \/><\/a><div class=\"caption-wrap\"><div class=\"caption\">Carry Poulet<\/div><\/div><\/li>\n                <li style=\"display: none; width: 100%;\" class=\"slide-2168 ms-image \" aria-roledescription=\"slide\" data-date=\"2025-02-17 14:21:34\" data-filename=\"Capture-decran-2024-11-13-160242-700x300.png\" data-slide-type=\"image\"><a href=\"https:\/\/erasmus-hdh.de\/projekt2024\/leafy-vegetables-sausageen\/\" target=\"_self\" aria-label=\"View Slide Details\" class=\"metaslider_image_link\"><img loading=\"lazy\" decoding=\"async\" src=\"https:\/\/erasmus-hdh.de\/projekt2024\/wp-content\/uploads\/2024\/11\/Capture-decran-2024-11-13-160242-700x300.png\" height=\"300\" width=\"700\" alt=\"Saucisse br\u00e8de\" class=\"slider-1746 slide-2168 msDefaultImage\" title=\"Saucisse br\u00e8de\" \/><\/a><div class=\"caption-wrap\"><div class=\"caption\">Saucisse br\u00e8de<\/div><\/div><\/li>\n                <li style=\"display: none; width: 100%;\" class=\"slide-2169 ms-image \" aria-roledescription=\"slide\" data-date=\"2025-02-17 14:22:08\" data-filename=\"1731499625119-700x300.jpg\" data-slide-type=\"image\"><a href=\"https:\/\/erasmus-hdh.de\/projekt2024\/riz-cantonais-en\/\" target=\"_self\" aria-label=\"View Slide Details\" class=\"metaslider_image_link\"><img loading=\"lazy\" decoding=\"async\" src=\"https:\/\/erasmus-hdh.de\/projekt2024\/wp-content\/uploads\/2025\/02\/1731499625119-700x300.jpg\" height=\"300\" width=\"700\" alt=\"Image Riz cantonais Plat r\u00e9unionnais\" class=\"slider-1746 slide-2169 msDefaultImage\" title=\"Riz cantonais\" \/><\/a><div class=\"caption-wrap\"><div class=\"caption\">Riz cantonais<\/div><\/div><\/li>\n            <\/ul>\n        <\/div>\n        \n    <\/div>\n<\/div><\/div>\n\n\n\n<h2 class=\"wp-block-heading has-text-align-center\"><strong>German Recipe<\/strong><\/h2>\n\n\n\n<div class=\"alignnormal\"><div id=\"metaslider-id-1850\" style=\"width: 100%;\" class=\"ml-slider-3-107-0 metaslider metaslider-flex metaslider-1850 ml-slider has-dots-nav ms-theme-outline\" role=\"region\" aria-label=\"German Recipe\" data-height=\"300\" data-width=\"700\">\n    <div id=\"metaslider_container_1850\">\n        <div id=\"metaslider_1850\">\n            <ul class='slides'>\n                <li style=\"display: block; width: 100%;\" class=\"slide-1907 ms-image \" aria-roledescription=\"slide\" data-date=\"2025-02-15 08:12:57\" data-filename=\"image-20-700x300.png\" data-slide-type=\"image\"><a href=\"https:\/\/erasmus-hdh.de\/projekt2024\/linsen-mit-spatzle-en\/\" target=\"_self\" aria-label=\"View Slide Details\" class=\"metaslider_image_link\"><img loading=\"lazy\" decoding=\"async\" src=\"https:\/\/erasmus-hdh.de\/projekt2024\/wp-content\/uploads\/2025\/02\/image-20-700x300.png\" height=\"300\" width=\"700\" alt=\"Linsen mit spatzle\" class=\"slider-1850 slide-1907 msDefaultImage\" title=\"Linsen mit spatzle\" \/><\/a><div class=\"caption-wrap\"><div class=\"caption\">Linsen mit spatzle <\/div><\/div><\/li>\n                <li style=\"display: none; width: 100%;\" class=\"slide-1908 ms-image \" aria-roledescription=\"slide\" data-date=\"2025-02-15 08:13:24\" data-filename=\"20250218_185030_054-scaled-700x300.jpg\" data-slide-type=\"image\"><a href=\"https:\/\/erasmus-hdh.de\/projekt2024\/schupfnudeln-mit-sauerkraut-en\/\" target=\"_self\" aria-label=\"View Slide Details\" class=\"metaslider_image_link\"><img loading=\"lazy\" decoding=\"async\" src=\"https:\/\/erasmus-hdh.de\/projekt2024\/wp-content\/uploads\/2025\/02\/20250218_185030_054-scaled-700x300.jpg\" height=\"300\" width=\"700\" alt=\"Schupfnudeln mit Sauerkraut\" class=\"slider-1850 slide-1908 msDefaultImage\" title=\"Schupfnudeln mit Sauerkraut\" \/><\/a><div class=\"caption-wrap\"><div class=\"caption\">Schupfnudeln mit Sauerkraut<\/div><\/div><\/li>\n                <li style=\"display: none; width: 100%;\" class=\"slide-1910 ms-image \" aria-roledescription=\"slide\" data-date=\"2025-02-15 08:14:19\" data-filename=\"image-8-700x300.png\" data-slide-type=\"image\"><a href=\"https:\/\/erasmus-hdh.de\/projekt2024\/schwaebischer-kartoffelsalat-eng\/\" target=\"_self\" aria-label=\"View Slide Details\" class=\"metaslider_image_link\"><img loading=\"lazy\" decoding=\"async\" src=\"https:\/\/erasmus-hdh.de\/projekt2024\/wp-content\/uploads\/2025\/02\/image-8-700x300.png\" height=\"300\" width=\"700\" alt=\"Schw\u00e4bischer Kartoffelsalat\" class=\"slider-1850 slide-1910 msDefaultImage\" title=\"Schw\u00e4bischer Kartoffelsalat\" \/><\/a><div class=\"caption-wrap\"><div class=\"caption\">Schw\u00e4bischer Kartoffelsalat<\/div><\/div><\/li>\n                <li style=\"display: none; width: 100%;\" class=\"slide-1911 ms-image \" aria-roledescription=\"slide\" data-date=\"2025-02-15 08:14:36\" data-filename=\"image-3-700x300.png\" data-slide-type=\"image\"><a href=\"https:\/\/erasmus-hdh.de\/projekt2024\/ulmer-kloesse-en\/\" target=\"_self\" aria-label=\"View Slide Details\" class=\"metaslider_image_link\"><img loading=\"lazy\" decoding=\"async\" src=\"https:\/\/erasmus-hdh.de\/projekt2024\/wp-content\/uploads\/2025\/02\/image-3-700x300.png\" height=\"300\" width=\"700\" alt=\"Ulmer Kl\u00f6sse\" class=\"slider-1850 slide-1911 msDefaultImage\" title=\"Ulmer Kl\u00f6sse\" \/><\/a><div class=\"caption-wrap\"><div class=\"caption\">Ulmer Kl\u00f6sse<\/div><\/div><\/li>\n                <li style=\"display: none; width: 100%;\" class=\"slide-1912 ms-image \" aria-roledescription=\"slide\" data-date=\"2025-02-15 08:14:55\" data-filename=\"DALL\u00b7E-2025-02-11-10.42.46-A-freshly-baked-Zwetschgenkuchen-_German-plum-cake_-on-a-wooden-table-700x300.jpg\" data-slide-type=\"image\"><a href=\"https:\/\/erasmus-hdh.de\/projekt2024\/zwetschgenkuchen-en\/\" target=\"_self\" aria-label=\"View Slide Details\" class=\"metaslider_image_link\"><img loading=\"lazy\" decoding=\"async\" src=\"https:\/\/erasmus-hdh.de\/projekt2024\/wp-content\/uploads\/2025\/02\/DALL\u00b7E-2025-02-11-10.42.46-A-freshly-baked-Zwetschgenkuchen-_German-plum-cake_-on-a-wooden-table-700x300.jpg\" height=\"300\" width=\"700\" alt=\"Zwetschgenkuchen\" class=\"slider-1850 slide-1912 msDefaultImage\" title=\"Zwetschgenkuchen\" \/><\/a><div class=\"caption-wrap\"><div class=\"caption\">Zwetschgenkuchen<\/div><\/div><\/li>\n                <li style=\"display: none; width: 100%;\" class=\"slide-1914 ms-image \" aria-roledescription=\"slide\" data-date=\"2025-02-15 08:15:44\" data-filename=\"WhatsApp-Bild-2025-02-11-um-10.16.31_cde4cd09-700x300.jpg\" data-slide-type=\"image\"><a href=\"https:\/\/erasmus-hdh.de\/projekt2024\/briegelschmiere-en\/\" target=\"_self\" aria-label=\"View Slide Details\" class=\"metaslider_image_link\"><img loading=\"lazy\" decoding=\"async\" src=\"https:\/\/erasmus-hdh.de\/projekt2024\/wp-content\/uploads\/2025\/02\/WhatsApp-Bild-2025-02-11-um-10.16.31_cde4cd09-700x300.jpg\" height=\"300\" width=\"700\" alt=\"Briegelschmiere\" class=\"slider-1850 slide-1914 msDefaultImage\" title=\"Briegelschmiere\" \/><\/a><div class=\"caption-wrap\"><div class=\"caption\">Briegelschmiere <\/div><\/div><\/li>\n                <li style=\"display: none; width: 100%;\" class=\"slide-1916 ms-image \" aria-roledescription=\"slide\" data-date=\"2025-02-15 08:16:35\" data-filename=\"image-12-700x300.png\" data-slide-type=\"image\"><a href=\"https:\/\/erasmus-hdh.de\/projekt2024\/gaisburger-marsch-en\/\" target=\"_self\" aria-label=\"View Slide Details\" class=\"metaslider_image_link\"><img loading=\"lazy\" decoding=\"async\" src=\"https:\/\/erasmus-hdh.de\/projekt2024\/wp-content\/uploads\/2025\/02\/image-12-700x300.png\" height=\"300\" width=\"700\" alt=\"Gaisburger Marsch\" class=\"slider-1850 slide-1916 msDefaultImage\" title=\"Gaisburger Marsch\" \/><\/a><div class=\"caption-wrap\"><div class=\"caption\">Gaisburger Marsch<\/div><\/div><\/li>\n                <li style=\"display: none; width: 100%;\" class=\"slide-2180 ms-image \" aria-roledescription=\"slide\" data-date=\"2025-02-17 14:34:39\" data-filename=\"IMG_7547-scaled-700x300.jpeg\" data-slide-type=\"image\"><a href=\"https:\/\/erasmus-hdh.de\/projekt2024\/kaesspaetzleen\/\" target=\"_self\" aria-label=\"View Slide Details\" class=\"metaslider_image_link\"><img loading=\"lazy\" decoding=\"async\" src=\"https:\/\/erasmus-hdh.de\/projekt2024\/wp-content\/uploads\/2025\/02\/IMG_7547-scaled-700x300.jpeg\" height=\"300\" width=\"700\" alt=\"K\u00e4ssp\u00e4tzle\" class=\"slider-1850 slide-2180 msDefaultImage\" title=\"K\u00e4ssp\u00e4tzle\" \/><\/a><div class=\"caption-wrap\"><div class=\"caption\">K\u00e4ssp\u00e4tzle<\/div><\/div><\/li>\n                <li style=\"display: none; width: 100%;\" class=\"slide-2181 ms-image \" aria-roledescription=\"slide\" data-date=\"2025-02-17 14:35:19\" data-filename=\"WhatsApp-Bild-2025-02-17-um-19.41.29_64a8ac16-4-700x300.jpg\" data-slide-type=\"image\"><a href=\"https:\/\/erasmus-hdh.de\/projekt2024\/flaedlesuppe-en\/\" target=\"_self\" aria-label=\"View Slide Details\" class=\"metaslider_image_link\"><img loading=\"lazy\" decoding=\"async\" src=\"https:\/\/erasmus-hdh.de\/projekt2024\/wp-content\/uploads\/2025\/02\/WhatsApp-Bild-2025-02-17-um-19.41.29_64a8ac16-4-700x300.jpg\" height=\"300\" width=\"700\" alt=\"Fl\u00e4ddlesuppe\" class=\"slider-1850 slide-2181 msDefaultImage\" title=\"Fl\u00e4ddlesuppe\" \/><\/a><div class=\"caption-wrap\"><div class=\"caption\">Fl\u00e4ddlesuppe<\/div><\/div><\/li>\n                <li style=\"display: none; width: 100%;\" class=\"slide-2182 ms-image \" aria-roledescription=\"slide\" data-date=\"2025-02-17 14:35:41\" data-filename=\"415f2bfe-e19d-4254-9954-0b6d720e3c39-2-700x300.webp\" data-slide-type=\"image\"><a href=\"https:\/\/erasmus-hdh.de\/projekt2024\/onion-roast-beef-eng\/\" target=\"_self\" aria-label=\"View Slide Details\" class=\"metaslider_image_link\"><img loading=\"lazy\" decoding=\"async\" src=\"https:\/\/erasmus-hdh.de\/projekt2024\/wp-content\/uploads\/2025\/02\/415f2bfe-e19d-4254-9954-0b6d720e3c39-2-700x300.webp\" height=\"300\" width=\"700\" alt=\"Zwiebelrostbraten\" class=\"slider-1850 slide-2182 msDefaultImage\" title=\"Zwiebelrostbraten\" \/><\/a><div class=\"caption-wrap\"><div class=\"caption\">Zwiebelrostbraten <\/div><\/div><\/li>\n            <\/ul>\n        <\/div>\n        \n    <\/div>\n<\/div><\/div>\n","protected":false},"excerpt":{"rendered":"<p>With this website we aim to provide you with our Creole and German dishes, help you make them step by step and hopefully have a delicious meal at the end of your preparation. The students put much effort into making this cookbook to give you an easy cooking experience.All the work was done in a&hellip; <a href=\"https:\/\/erasmus-hdh.de\/projekt2024\/homeen\/\" class=\"more-link\">Continue reading <span class=\"screen-reader-text\">Home(EN)<\/span><\/a><\/p>\n","protected":false},"author":1,"featured_media":0,"parent":0,"menu_order":0,"comment_status":"closed","ping_status":"closed","template":"","meta":{"footnotes":""},"class_list":["post-1938","page","type-page","status-publish","hentry"],"_links":{"self":[{"href":"https:\/\/erasmus-hdh.de\/projekt2024\/wp-json\/wp\/v2\/pages\/1938","targetHints":{"allow":["GET"]}}],"collection":[{"href":"https:\/\/erasmus-hdh.de\/projekt2024\/wp-json\/wp\/v2\/pages"}],"about":[{"href":"https:\/\/erasmus-hdh.de\/projekt2024\/wp-json\/wp\/v2\/types\/page"}],"author":[{"embeddable":true,"href":"https:\/\/erasmus-hdh.de\/projekt2024\/wp-json\/wp\/v2\/users\/1"}],"replies":[{"embeddable":true,"href":"https:\/\/erasmus-hdh.de\/projekt2024\/wp-json\/wp\/v2\/comments?post=1938"}],"version-history":[{"count":1,"href":"https:\/\/erasmus-hdh.de\/projekt2024\/wp-json\/wp\/v2\/pages\/1938\/revisions"}],"predecessor-version":[{"id":1939,"href":"https:\/\/erasmus-hdh.de\/projekt2024\/wp-json\/wp\/v2\/pages\/1938\/revisions\/1939"}],"wp:attachment":[{"href":"https:\/\/erasmus-hdh.de\/projekt2024\/wp-json\/wp\/v2\/media?parent=1938"}],"curies":[{"name":"wp","href":"https:\/\/api.w.org\/{rel}","templated":true}]}}