{"id":292,"date":"2024-11-13T11:54:24","date_gmt":"2024-11-13T10:54:24","guid":{"rendered":"https:\/\/erasmus-hdh.de\/projekt2024\/?page_id=292"},"modified":"2025-02-21T10:20:17","modified_gmt":"2025-02-21T09:20:17","slug":"pate-creole-eng","status":"publish","type":"page","link":"https:\/\/erasmus-hdh.de\/projekt2024\/pate-creole-eng\/","title":{"rendered":"P\u00e2t\u00e9 cr\u00e9ole (EN)"},"content":{"rendered":"\n<p id=\"block-242e3bac-22cc-4202-8507-9e6e27fb0419\">Creole Patty, is a beloved pastry from the la R\u00e9union island. Filled with seasoned meats, onions, garlic, and spices, it&#8217;s wrapped in a flaky crust and baked to golden perfection. Rooted in a blend of African, French, and Spanish influences, it\u2019s a festive treat enjoyed during Christmas and special gatherings a flavorful symbol of Creole culture that brings family and friends together.<\/p>\n\n\n\n<figure class=\"wp-block-image size-large\"><img fetchpriority=\"high\" decoding=\"async\" width=\"1024\" height=\"873\" src=\"https:\/\/erasmus-hdh.de\/projekt2024\/wp-content\/uploads\/2025\/02\/image_2025-02-11_145550828-1024x873.png\" alt=\"Pate Creole\" class=\"wp-image-1417\" srcset=\"https:\/\/erasmus-hdh.de\/projekt2024\/wp-content\/uploads\/2025\/02\/image_2025-02-11_145550828-1024x873.png 1024w, https:\/\/erasmus-hdh.de\/projekt2024\/wp-content\/uploads\/2025\/02\/image_2025-02-11_145550828-300x256.png 300w, https:\/\/erasmus-hdh.de\/projekt2024\/wp-content\/uploads\/2025\/02\/image_2025-02-11_145550828-768x655.png 768w, https:\/\/erasmus-hdh.de\/projekt2024\/wp-content\/uploads\/2025\/02\/image_2025-02-11_145550828-982x838.png 982w, https:\/\/erasmus-hdh.de\/projekt2024\/wp-content\/uploads\/2025\/02\/image_2025-02-11_145550828.png 1536w\" sizes=\"(max-width: 1024px) 100vw, 1024px\" \/><\/figure>\n\n\n\n<p id=\"block-e2cd45ee-1702-4a96-91e5-adb508c6553f\"><\/p>\n\n\n\n<h2 class=\"wp-block-heading has-medium-font-size\" id=\"block-86ca850a-7446-4912-840d-0a7cb48e209e\">Ingredients (for 5 persons):<\/h2>\n\n\n\n<ul id=\"block-15d9a638-d26b-4fad-983d-3a94f05a94f9\" class=\"wp-block-list\">\n<li>1 tablespoon saffron or turmeric<\/li>\n\n\n\n<li>1 teaspoon of salt<\/li>\n\n\n\n<li>150g of sugar<\/li>\n\n\n\n<li>500g of flour<\/li>\n\n\n\n<li>3 eggs and 1 egg yolk for glazing<\/li>\n\n\n\n<li>250g of lard or butter<\/li>\n\n\n\n<li>403 kcal per 100g<\/li>\n<\/ul>\n\n\n\n<h2 class=\"wp-block-heading has-medium-font-size\">Preparation:<\/h2>\n\n\n\n<p style=\"font-size:16px\"><strong>Temps total : <\/strong>55 min<br><strong>Pr\u00e9paration :<\/strong> 10 min<br><strong>Cuisson :<\/strong> 45 min<\/p>\n\n\n\n<p>Mix flour, sugar, salt and saffron well together. After that, add the eggs and mix everything as much as possible. Next, add the butter and mix until you get a ball. Then pour the dough into the pan and then glaze the dough with the egg yolk. Bake for 45 minutes at 150\u00b0C. After baking, let cool well.<\/p>\n\n\n\n<h2 class=\"wp-block-heading has-medium-font-size\">Utensils:<\/h2>\n\n\n\n<ul class=\"wp-block-list\">\n<li>wooden spoon<\/li>\n\n\n\n<li>oven<\/li>\n\n\n\n<li>brush<\/li>\n\n\n\n<li>kitchen <\/li>\n\n\n\n<li>scales<\/li>\n\n\n\n<li>mixing bowl<\/li>\n<\/ul>\n","protected":false},"excerpt":{"rendered":"<p>Creole Patty, is a beloved pastry from the la R\u00e9union island. Filled with seasoned meats, onions, garlic, and spices, it&#8217;s wrapped in a flaky crust and baked to golden perfection. Rooted in a blend of African, French, and Spanish influences, it\u2019s a festive treat enjoyed during Christmas and special gatherings a flavorful symbol of Creole&hellip; <a href=\"https:\/\/erasmus-hdh.de\/projekt2024\/pate-creole-eng\/\" class=\"more-link\">Continue reading <span class=\"screen-reader-text\">P\u00e2t\u00e9 cr\u00e9ole (EN)<\/span><\/a><\/p>\n","protected":false},"author":1,"featured_media":0,"parent":0,"menu_order":0,"comment_status":"closed","ping_status":"closed","template":"","meta":{"footnotes":""},"class_list":["post-292","page","type-page","status-publish","hentry"],"_links":{"self":[{"href":"https:\/\/erasmus-hdh.de\/projekt2024\/wp-json\/wp\/v2\/pages\/292","targetHints":{"allow":["GET"]}}],"collection":[{"href":"https:\/\/erasmus-hdh.de\/projekt2024\/wp-json\/wp\/v2\/pages"}],"about":[{"href":"https:\/\/erasmus-hdh.de\/projekt2024\/wp-json\/wp\/v2\/types\/page"}],"author":[{"embeddable":true,"href":"https:\/\/erasmus-hdh.de\/projekt2024\/wp-json\/wp\/v2\/users\/1"}],"replies":[{"embeddable":true,"href":"https:\/\/erasmus-hdh.de\/projekt2024\/wp-json\/wp\/v2\/comments?post=292"}],"version-history":[{"count":20,"href":"https:\/\/erasmus-hdh.de\/projekt2024\/wp-json\/wp\/v2\/pages\/292\/revisions"}],"predecessor-version":[{"id":2469,"href":"https:\/\/erasmus-hdh.de\/projekt2024\/wp-json\/wp\/v2\/pages\/292\/revisions\/2469"}],"wp:attachment":[{"href":"https:\/\/erasmus-hdh.de\/projekt2024\/wp-json\/wp\/v2\/media?parent=292"}],"curies":[{"name":"wp","href":"https:\/\/api.w.org\/{rel}","templated":true}]}}